{"id":777,"date":"2020-08-26T16:56:47","date_gmt":"2020-08-26T19:56:47","guid":{"rendered":"http:\/\/clanmarketing.com.br\/site\/?page_id=777"},"modified":"2020-12-29T15:27:03","modified_gmt":"2020-12-29T18:27:03","slug":"web","status":"publish","type":"page","link":"https:\/\/clanmarketing.com.br\/index.php\/web\/","title":{"rendered":"Sites"},"content":{"rendered":"<p>[vc_row][vc_column] \r\n    <section class=\"text-content-block\">\r\n    <div class=\"container\">\r\n      <div class=\"row\">\r\n        <div class=\"col-12 wow\" data-splitting>\r\n          <h3 class=\"section-title\">WEB DESIGN<\/h3>\r\n        <\/div>\r\n        <!-- end col-12 -->\r\n        <div class=\"col-12 wow\" data-splitting>\r\n          <h5>Precisando colocar sua empresa online? O Clan pode ajudar voc\u00ea, temos uma equipe preparada para o desenvolvimento de sites e cria\u00e7\u00e3o da artes para que voc\u00ea n\u00e3o precise preocupar com nada. Desenvolvemos Websites, portais e as famosas lojas virtuais, sempre contando com os melhores profissionais para atend\u00ea-lo da melhor forma. Precisou de algum desses servi\u00e7os? N\u00e3o perca tempo, contate-nos j\u00e1 para um or\u00e7amento!<\/h5>\r\n        <\/div>\r\n        <!-- end col-12  -->\r\n               \r\n      <\/div>\r\n      <!-- end row --> \r\n    <\/div>\r\n    <!-- end container --> \r\n  <\/section>\r\n\r\n[vc_gallery type=&#8221;nivo&#8221; interval=&#8221;3&#8243; images=&#8221;755,754,753,752,751,750,749,748,747&#8243; img_size=&#8221;large&#8221; title=&#8221;Alguns sites criados por n\u00f3s&#8221;][\/vc_column][\/vc_row][vc_row][vc_column][\/vc_column][\/vc_row]<\/p>\n","protected":false},"excerpt":{"rendered":"<p>[vc_row][vc_column][vc_gallery type=&#8221;nivo&#8221; interval=&#8221;3&#8243; images=&#8221;755,754,753,752,751,750,749,748,747&#8243; img_size=&#8221;large&#8221; title=&#8221;Alguns sites criados por n\u00f3s&#8221;][\/vc_column][\/vc_row][vc_row][vc_column][\/vc_column][\/vc_row]<\/p>\n","protected":false},"author":1,"featured_media":0,"parent":0,"menu_order":0,"comment_status":"closed","ping_status":"closed","template":"","meta":{"spay_email":""},"_links":{"self":[{"href":"https:\/\/clanmarketing.com.br\/index.php\/wp-json\/wp\/v2\/pages\/777"}],"collection":[{"href":"https:\/\/clanmarketing.com.br\/index.php\/wp-json\/wp\/v2\/pages"}],"about":[{"href":"https:\/\/clanmarketing.com.br\/index.php\/wp-json\/wp\/v2\/types\/page"}],"author":[{"embeddable":true,"href":"https:\/\/clanmarketing.com.br\/index.php\/wp-json\/wp\/v2\/users\/1"}],"replies":[{"embeddable":true,"href":"https:\/\/clanmarketing.com.br\/index.php\/wp-json\/wp\/v2\/comments?post=777"}],"version-history":[{"count":15,"href":"https:\/\/clanmarketing.com.br\/index.php\/wp-json\/wp\/v2\/pages\/777\/revisions"}],"predecessor-version":[{"id":831,"href":"https:\/\/clanmarketing.com.br\/index.php\/wp-json\/wp\/v2\/pages\/777\/revisions\/831"}],"wp:attachment":[{"href":"https:\/\/clanmarketing.com.br\/index.php\/wp-json\/wp\/v2\/media?parent=777"}],"curies":[{"name":"wp","href":"https:\/\/api.w.org\/{rel}","templated":true}]}}