{"id":46,"date":"2019-07-14T12:30:26","date_gmt":"2019-07-14T12:30:26","guid":{"rendered":"http:\/\/sttheme.com\/demosd\/tourogwp\/?page_id=46"},"modified":"2021-11-02T09:15:35","modified_gmt":"2021-11-02T12:15:35","slug":"studio","status":"publish","type":"page","link":"https:\/\/clanmarketing.com.br\/index.php\/studio\/","title":{"rendered":"O Clan"},"content":{"rendered":"<p>[vc_row css=&#8221;.vc_custom_1595253086960{background-color: #ffffff !important;}&#8221;][vc_column] \r\n    <section class=\"text-content-block\">\r\n    <div class=\"container\">\r\n      <div class=\"row\">\r\n        <div class=\"col-12 wow\" data-splitting>\r\n          <h3 class=\"section-title\">OS NINJAS<\/h3>\r\n        <\/div>\r\n        <!-- end col-12 -->\r\n        <div class=\"col-12 wow\" data-splitting>\r\n          <h5>Bem-vindo ao Clan, empresa especialista em marketing digital em Rio Verde, parceira Google AdWords, Facebook Business e Resultados Digitais certificada. Nossa equipe de especialistas em marketing e comunica\u00e7\u00e3o digital tem comprovadamente as melhores estrat\u00e9gias para que o seu projeto seja um grande sucesso na internet. Mas, antes de conhecer nossos servi\u00e7os e como trabalhamos, que tal conhecer um pouco mais sobre n\u00f3s? Jovens entusiastas, movidos por desafios. Dispostos a resolver qualquer tipo de problema, independente do tipo de tecnologia aplicada ou sua complexidade. Pois, quanto maior o desafio, maior \u00e9 nossa satisfa\u00e7\u00e3o em resolv\u00ea-lo. Com uma equipe composta por profissionais criativos, especialistas em Marketing usando a internet, atendemos diversos tipos de projetos, agregando qualidade, intelig\u00eancia digital e resultados reais a nossas campanhas. No Clan Digital nosso foco absoluto \u00e9 gerar resultados para os nossos clientes e administrar da melhor forma o seu investimento em m\u00eddia. Contamos com a experi\u00eancia de j\u00e1 ter atendido mais de 1000 empres\u00e1rios onde pudemos testar e implementar nossas estrat\u00e9gias, que unem v\u00e1rias \u00e1reas de conhecimento resultando no m\u00e9todo de acelera\u00e7\u00e3o de neg\u00f3cios do Clan. Nossos integrantes s\u00e3o experts em diagnosticar o momento do seu neg\u00f3cio e aprimorar as a\u00e7\u00f5es de marketing da sua empresa para gerar resultados de verdade.<\/h5>\r\n        <\/div>\r\n        <!-- end col-12  -->\r\n                <div class=\"col-lg-3 col-md-6 wow\" data-splitting> <small>01<\/small>\r\n          <h6>ACELERA\u00c7\u00c3O DIGITAL<\/h6>\r\n          <p>Dispomos da mais completa equipe de especialistas digitais para gerenciar as suas redes sociais com excel\u00eancia nas seguintes \u00e1reas:  Desenvolvimento em WordPress Email Marketing Profissional Cria\u00e7\u00e3o de Conte\u00fado Google Ads e Facebook Business Design Impactante Landing Pages com Alto Poder de Convers\u00e3o Sites Interativos<\/p>\r\n        <\/div>\r\n        <!-- end col-3 -->\r\n                <div class=\"col-lg-3 col-md-6 wow\" data-splitting> <small>02<\/small>\r\n          <h6>BRANDING<\/h6>\r\n          <p>Crie uma marca com Alma Gere conex\u00f5es com os valores dos seus clientes, usando os valores da sua empresa.  Mais do que grandes a\u00e7\u00f5es, \u00e9 nos pequenos gestos e decis\u00f5es cotidianas que a percep\u00e7\u00e3o da marca junto ao p\u00fablico e seu valor s\u00e3o constru\u00eddos. N\u00f3s ajudamos voc\u00ea a criar esse caminho rumo ao conte\u00fado que seu cliente busca e consome.<\/p>\r\n        <\/div>\r\n        <!-- end col-3 -->\r\n                <div class=\"col-lg-3 col-md-6 wow\" data-splitting> <small>03<\/small>\r\n          <h6>DESENVOLVIMENTO WEB<\/h6>\r\n          <p>Dispomos de um setor especializado em desenvolvimento, manuten\u00e7\u00e3o e hospedagem que oferece uma variada gama de solu\u00e7\u00f5es para o seu projeto web. Ampla experi\u00eancia de mais de 20 anos com programa\u00e7\u00e3o de p\u00e1ginas e e-commerce. <\/p>\r\n        <\/div>\r\n        <!-- end col-3 -->\r\n               \r\n      <\/div>\r\n      <!-- end row --> \r\n    <\/div>\r\n    <!-- end container --> \r\n  <\/section>\r\n\r\n[vc_row_inner][vc_column_inner][vc_text_separator title=&#8221;Profissionais especializados&#8221;][\/vc_column_inner][\/vc_row_inner][vc_row_inner][vc_column_inner width=&#8221;1\/4&#8243;][\/vc_column_inner][vc_column_inner width=&#8221;1\/4&#8243;][vc_single_image image=&#8221;741&#8243; img_size=&#8221;medium&#8221; alignment=&#8221;center&#8221;][\/vc_column_inner][vc_column_inner width=&#8221;1\/4&#8243;][vc_single_image image=&#8221;742&#8243; img_size=&#8221;medium&#8221; alignment=&#8221;center&#8221;][\/vc_column_inner][vc_column_inner width=&#8221;1\/4&#8243;][\/vc_column_inner][\/vc_row_inner][\/vc_column][\/vc_row][vc_row][vc_column] \r\n    <section class=\"intro-image\">\r\n    <div class=\"container\">\r\n      <div class=\"row\">\r\n        <div class=\"col-12\">\r\n          <div class=\"office-slider\">\r\n            <div class=\"swiper-wrapper\">\r\n                            <div class=\"swiper-slide\">\r\n                <figure class=\"reveal-effect masker wow\"> <img src=\"https:\/\/clanmarketing.com.br\/wp-content\/uploads\/2020\/07\/clan-2.jpg\" alt=\"Image\">\r\n                  <figcaption>\r\n                    <h6> <\/h6>\r\n                  <\/figcaption>\r\n                <\/figure>\r\n              <\/div>\r\n              <!-- end swiper-slide -->\r\n                            <div class=\"swiper-slide\">\r\n                <figure class=\"reveal-effect masker wow\"> <img src=\"https:\/\/clanmarketing.com.br\/wp-content\/uploads\/2020\/07\/clan-1.jpg\" alt=\"Image\">\r\n                  <figcaption>\r\n                    <h6> <\/h6>\r\n                  <\/figcaption>\r\n                <\/figure>\r\n              <\/div>\r\n              <!-- end swiper-slide -->\r\n                            <div class=\"swiper-slide\">\r\n                <figure class=\"reveal-effect masker wow\"> <img src=\"https:\/\/clanmarketing.com.br\/wp-content\/uploads\/2020\/07\/clan-3.jpg\" alt=\"Image\">\r\n                  <figcaption>\r\n                    <h6> <\/h6>\r\n                  <\/figcaption>\r\n                <\/figure>\r\n              <\/div>\r\n              <!-- end swiper-slide -->\r\n                            <div class=\"swiper-slide\">\r\n                <figure class=\"reveal-effect masker wow\"> <img src=\"https:\/\/clanmarketing.com.br\/wp-content\/uploads\/2020\/07\/clan-4.jpg\" alt=\"Image\">\r\n                  <figcaption>\r\n                    <h6> <\/h6>\r\n                  <\/figcaption>\r\n                <\/figure>\r\n              <\/div>\r\n              <!-- end swiper-slide -->\r\n                            <div class=\"swiper-slide\">\r\n                <figure class=\"reveal-effect masker wow\"> <img src=\"https:\/\/clanmarketing.com.br\/wp-content\/uploads\/2020\/07\/clan-5.jpg\" alt=\"Image\">\r\n                  <figcaption>\r\n                    <h6> <\/h6>\r\n                  <\/figcaption>\r\n                <\/figure>\r\n              <\/div>\r\n              <!-- end swiper-slide -->\r\n                            <div class=\"swiper-slide\">\r\n                <figure class=\"reveal-effect masker wow\"> <img src=\"https:\/\/clanmarketing.com.br\/wp-content\/uploads\/2020\/07\/clan-6-1.jpg\" alt=\"Image\">\r\n                  <figcaption>\r\n                    <h6> <\/h6>\r\n                  <\/figcaption>\r\n                <\/figure>\r\n              <\/div>\r\n              <!-- end swiper-slide -->\r\n                            <!-- end swiper-slide --> \r\n            <\/div>\r\n            <!-- end swiper-wrapper -->\r\n            <div class=\"swiper-pagination\"><\/div>\r\n            <!-- end swiper-pagination --> \r\n          <\/div>\r\n          <!-- end office-slider --> \r\n        <\/div>\r\n        <!-- end col-12 --> \r\n      <\/div>\r\n      <!-- end row --> \r\n    <\/div>\r\n    <!-- end container --> \r\n  <\/section>\r\n\r\n[\/vc_column][\/vc_row][vc_row][vc_column] \r\n    <section class=\"icon-content-block\">\r\n      <div class=\"container\">\r\n        <div class=\"row justify-content-center\">\r\n          <div class=\"col-12 wow\" data-splitting>\r\n            <h3 class=\"section-title\">COMO TER UMA BASE DIGITAL FORTE?<\/h3>\r\n          <\/div>\r\n          <!-- end col-12 -->\r\n                    <div class=\"col-lg-3 col-md-4 wow\" data-splitting>\r\n            <div class=\"content-block  \">\r\n              <figure> <img src=\"https:\/\/clanmarketing.com.br\/wp-content\/uploads\/2020\/07\/FDFDS.png\" alt=\"Image\"> <\/figure>\r\n              <h6>ESTRAT\u00c9GIA DE TR\u00c1FEGO<\/h6>\r\n              <ul>\r\n                <li>Leve o seu neg\u00f3cio ao topo rapidamente com a ajuda do Facebook Ads e do Google! Assuma o controle das suas campanhas! Somos profissionais certificados que conseguem gerar o maior alcance poss\u00edvel com o menor investimento.<\/li>              <\/ul>\r\n            <\/div>\r\n            <!-- end content-block --> \r\n          <\/div>\r\n          <!-- end col-3 -->\r\n                    <div class=\"col-lg-3 col-md-4 wow\" data-splitting>\r\n            <div class=\"content-block selected \">\r\n              <figure> <img src=\"https:\/\/clanmarketing.com.br\/wp-content\/uploads\/2020\/07\/SSSSS-1.png\" alt=\"Image\"> <\/figure>\r\n              <h6>RELAT\u00d3RIOS EM TEMPO REAL E REMARKETING<\/h6>\r\n              <ul>\r\n                <li>Conte com otimiza\u00e7\u00f5es inteligentes utilizando todas as informa\u00e7\u00f5es coletadas diariamente pelas ferramentas que utilizamos, alinhando nossas campanhas para diversos p\u00fablicos ao mesmo tempo de acordo com a jornada de compra.<\/li>              <\/ul>\r\n            <\/div>\r\n            <!-- end content-block --> \r\n          <\/div>\r\n          <!-- end col-3 -->\r\n                    <div class=\"col-lg-3 col-md-4 wow\" data-splitting>\r\n            <div class=\"content-block  \">\r\n              <figure> <img src=\"https:\/\/clanmarketing.com.br\/wp-content\/uploads\/2020\/07\/FSFSFS.png\" alt=\"Image\"> <\/figure>\r\n              <h6>PRODU\u00c7\u00c3O DE CONTEUDO<\/h6>\r\n              <ul>\r\n                <li>Otimizar a visibilidade da marca nas m\u00eddias digitais \u00e9 essencial. Se a sua empresa n\u00e3o estiver bem posicionada nos ambientes online provavelmente outras estar\u00e3o, e o compartilhamento de conte\u00fado relevante \u00e9 o modo mais eficiente de alcan\u00e7ar tal posi\u00e7\u00e3o.<\/li>              <\/ul>\r\n            <\/div>\r\n            <!-- end content-block --> \r\n          <\/div>\r\n          <!-- end col-3 -->\r\n                  <\/div>\r\n        <!-- end row --> \r\n      <\/div>\r\n      <!-- end container --> \r\n    <\/section>\r\n\r\n[\/vc_column][\/vc_row][vc_row disable_element=&#8221;yes&#8221;][vc_column] \r\n    <section class=\"team\">\r\n    <div class=\"container\">\r\n      <div class=\"row\">\r\n        <div class=\"col-lg-6 wow\" data-splitting>\r\n          <h3 class=\"section-title\">NOSSA EQUIPE<\/h3>\r\n        <\/div>\r\n        <!-- end col-8 -->\r\n        <div class=\"col-lg-6 wow\" data-splitting>\r\n          <h5><\/h5>\r\n        <\/div>\r\n        <!-- end col-4 --> \r\n      <\/div>\r\n      <!-- end row -->\r\n      <div class=\"row\">\r\n                <div class=\"col\">\r\n          <figure class=\"reveal-effect masker wow\">\r\n            <ul>\r\n              <li><a href=\"#\"><i class=\"fab fa-facebook-f\"><\/i><\/a><\/li>\r\n              <li><a href=\"#\"><i class=\"fab fa-twitter\"><\/i><\/a><\/li>\r\n              <li><a href=\"#\"><i class=\"fab fa-linkedin-in\"><\/i><\/a><\/li>\r\n            <\/ul>\r\n            <img src=\"https:\/\/clanmarketing.com.br\/wp-content\/uploads\/2020\/07\/maricortada.png\" alt=\"Image\">\r\n            <figcaption class=\"wow\" data-splitting> <h6><\/h6> <small><\/small> <\/figcaption>\r\n          <\/figure>\r\n        <\/div>\r\n        <!-- end col -->\r\n        \r\n                <div class=\"col\">\r\n          <figure class=\"reveal-effect masker wow\">\r\n            <ul>\r\n              <li><a href=\"#\"><i class=\"fab fa-facebook-f\"><\/i><\/a><\/li>\r\n              <li><a href=\"#\"><i class=\"fab fa-twitter\"><\/i><\/a><\/li>\r\n              <li><a href=\"#\"><i class=\"fab fa-linkedin-in\"><\/i><\/a><\/li>\r\n            <\/ul>\r\n            <img src=\"https:\/\/clanmarketing.com.br\/wp-content\/uploads\/2020\/07\/p4-min-scaled.jpg\" alt=\"Image\">\r\n            <figcaption class=\"wow\" data-splitting> <h6><\/h6> <small><\/small> <\/figcaption>\r\n          <\/figure>\r\n        <\/div>\r\n        <!-- end col -->\r\n        \r\n                <div class=\"col\">\r\n          <figure class=\"reveal-effect masker wow\">\r\n            <ul>\r\n              <li><a href=\"#\"><i class=\"fab fa-facebook-f\"><\/i><\/a><\/li>\r\n              <li><a href=\"#\"><i class=\"fab fa-twitter\"><\/i><\/a><\/li>\r\n              <li><a href=\"#\"><i class=\"fab fa-linkedin-in\"><\/i><\/a><\/li>\r\n            <\/ul>\r\n            <img src=\"https:\/\/clanmarketing.com.br\/wp-content\/uploads\/2020\/07\/p2-min-scaled.jpg\" alt=\"Image\">\r\n            <figcaption class=\"wow\" data-splitting> <h6><\/h6> <small><\/small> <\/figcaption>\r\n          <\/figure>\r\n        <\/div>\r\n        <!-- end col -->\r\n        \r\n                <div class=\"col\">\r\n          <figure class=\"reveal-effect masker wow\">\r\n            <ul>\r\n              <li><a href=\"#\"><i class=\"fab fa-facebook-f\"><\/i><\/a><\/li>\r\n              <li><a href=\"#\"><i class=\"fab fa-twitter\"><\/i><\/a><\/li>\r\n              <li><a href=\"#\"><i class=\"fab fa-linkedin-in\"><\/i><\/a><\/li>\r\n            <\/ul>\r\n            <img src=\"https:\/\/clanmarketing.com.br\/wp-content\/uploads\/2020\/07\/p-min-scaled.jpg\" alt=\"Image\">\r\n            <figcaption class=\"wow\" data-splitting> <h6><\/h6> <small><\/small> <\/figcaption>\r\n          <\/figure>\r\n        <\/div>\r\n        <!-- end col -->\r\n        \r\n                <div class=\"col\">\r\n          <figure class=\"reveal-effect masker wow\">\r\n            <ul>\r\n              <li><a href=\"#\"><i class=\"fab fa-facebook-f\"><\/i><\/a><\/li>\r\n              <li><a href=\"#\"><i class=\"fab fa-twitter\"><\/i><\/a><\/li>\r\n              <li><a href=\"#\"><i class=\"fab fa-linkedin-in\"><\/i><\/a><\/li>\r\n            <\/ul>\r\n            <img src=\"https:\/\/clanmarketing.com.br\/wp-content\/uploads\/2020\/07\/p3-min-scaled.jpg\" alt=\"Image\">\r\n            <figcaption class=\"wow\" data-splitting> <h6><\/h6> <small><\/small> <\/figcaption>\r\n          <\/figure>\r\n        <\/div>\r\n        <!-- end col -->\r\n        \r\n              <\/div>\r\n      <!-- end row --> \r\n    <\/div>\r\n    <!-- end container --> \r\n  <\/section>\r\n\r\n[\/vc_column][\/vc_row]<\/p>\n","protected":false},"excerpt":{"rendered":"<p>[vc_row css=&#8221;.vc_custom_1595253086960{background-color: #ffffff !important;}&#8221;][vc_column][vc_row_inner][vc_column_inner][vc_text_separator title=&#8221;Profissionais especializados&#8221;][\/vc_column_inner][\/vc_row_inner][vc_row_inner][vc_column_inner width=&#8221;1\/4&#8243;][\/vc_column_inner][vc_column_inner width=&#8221;1\/4&#8243;][vc_single_image image=&#8221;741&#8243; img_size=&#8221;medium&#8221; alignment=&#8221;center&#8221;][\/vc_column_inner][vc_column_inner width=&#8221;1\/4&#8243;][vc_single_image image=&#8221;742&#8243; img_size=&#8221;medium&#8221; alignment=&#8221;center&#8221;][\/vc_column_inner][vc_column_inner width=&#8221;1\/4&#8243;][\/vc_column_inner][\/vc_row_inner][\/vc_column][\/vc_row][vc_row][vc_column][\/vc_column][\/vc_row][vc_row][vc_column][\/vc_column][\/vc_row][vc_row disable_element=&#8221;yes&#8221;][vc_column][\/vc_column][\/vc_row]<\/p>\n","protected":false},"author":1,"featured_media":0,"parent":0,"menu_order":0,"comment_status":"closed","ping_status":"closed","template":"page-templates\/other-page.php","meta":{"spay_email":""},"_links":{"self":[{"href":"https:\/\/clanmarketing.com.br\/index.php\/wp-json\/wp\/v2\/pages\/46"}],"collection":[{"href":"https:\/\/clanmarketing.com.br\/index.php\/wp-json\/wp\/v2\/pages"}],"about":[{"href":"https:\/\/clanmarketing.com.br\/index.php\/wp-json\/wp\/v2\/types\/page"}],"author":[{"embeddable":true,"href":"https:\/\/clanmarketing.com.br\/index.php\/wp-json\/wp\/v2\/users\/1"}],"replies":[{"embeddable":true,"href":"https:\/\/clanmarketing.com.br\/index.php\/wp-json\/wp\/v2\/comments?post=46"}],"version-history":[{"count":21,"href":"https:\/\/clanmarketing.com.br\/index.php\/wp-json\/wp\/v2\/pages\/46\/revisions"}],"predecessor-version":[{"id":893,"href":"https:\/\/clanmarketing.com.br\/index.php\/wp-json\/wp\/v2\/pages\/46\/revisions\/893"}],"wp:attachment":[{"href":"https:\/\/clanmarketing.com.br\/index.php\/wp-json\/wp\/v2\/media?parent=46"}],"curies":[{"name":"wp","href":"https:\/\/api.w.org\/{rel}","templated":true}]}}