{"id":38,"date":"2019-07-14T08:25:21","date_gmt":"2019-07-14T08:25:21","guid":{"rendered":"http:\/\/sttheme.com\/demosd\/tourogwp\/?page_id=38"},"modified":"2021-11-04T11:48:38","modified_gmt":"2021-11-04T14:48:38","slug":"home","status":"publish","type":"page","link":"https:\/\/clanmarketing.com.br\/","title":{"rendered":"Home"},"content":{"rendered":"<p>[vc_row el_class=&#8221;slider-row ban_remover&#8221;][vc_column] \r\n    <header class=\"slider\">\r\n      <div class=\"swiper-container gallery-top\">\r\n        <div class=\"swiper-wrapper\">\r\n                              <div class=\"swiper-slide\">\r\n            <video src=\"\/wp-content\/uploads\/2020\/09\/novos2.mp4\" muted autoplay loop><\/video>\r\n          <\/div>\r\n                                      <div class=\"swiper-slide\" data-background=\"https:\/\/clanmarketing.com.br\/wp-content\/uploads\/2021\/11\/bg2.jpg\"><\/div>\r\n                                      <div class=\"swiper-slide\" data-background=\"https:\/\/clanmarketing.com.br\/wp-content\/uploads\/2021\/11\/bg.jpg\"><\/div>\r\n                          <\/div>\r\n        <!-- end swiper-wrapper -->\r\n        <div class=\"slide-progress\"> <span>01<\/span>\r\n          <div class=\"swiper-pagination\"><\/div>\r\n          <span>3<\/span> <\/div>\r\n        <!-- end slide-progress -->\r\n        <div class=\"swiper-button-prev\"><\/div>\r\n        <!-- end button-prev -->\r\n        <div class=\"swiper-button-next\"><\/div>\r\n        <!-- end buttin-next --> \r\n      <\/div>\r\n      <!-- end gallery-top -->\r\n      <div class=\"swiper-container gallery-thumbs\">\r\n        <div class=\"swiper-wrapper\">\r\n                    <div class=\"swiper-slide\"><span><\/span> <a href=\"\"><\/a> <\/div>\r\n                    <div class=\"swiper-slide\"><span><\/span> <a href=\"\"><\/a> <\/div>\r\n                    <div class=\"swiper-slide\"><span><\/span> <a href=\"\"><\/a> <\/div>\r\n                  <\/div>\r\n        <!-- end swiper-wrapper --> \r\n      <\/div>\r\n      <!-- end gallery-thumbs --> \r\n    <\/header>\r\n\r\n[\/vc_column][\/vc_row][vc_row][vc_column]    <section class=\"intro\">\r\n      <div class=\"container\">\r\n        <div class=\"row\">\r\n          <div class=\"col-lg-5 wow\" data-splitting>\r\n            <h3 class=\"section-title\">NOSSO NEG\u00d3CIO \u00c9 VENDER O SEU.<\/p>\n<h5>DESCUBRA COMO TER UM DIFERENCIAL DE VALOR E ATRAIR CLIENTES QUE PAGAR\u00c3O MAIS CARO PELOS SEUS PRODUTOS\/SERVI\u00c7OS<\/h5>\n<p><\/h3>\r\n            <a href=\"#\"><\/a> <\/div>\r\n          <!-- end col-5 -->\r\n          <div class=\"col-lg-7 wow wow1\" data-splitting>\r\n            <\/p>\n<h4>ACELERA\u00c7\u00c3O DIGITAL<\/h4>\n<h4><\/h4>\n<hr \/>\n<h4><\/h4>\n<p>Para vender mais, n\u00e3o basta apenas investir, voc\u00ea precisa ter controle dos indicadores mais importantes para o sucesso da sua empresa na sua m\u00e3o. O Clan proporciona relat\u00f3rios completos em tempo real, para que voc\u00ea tenha acesso r\u00e1pido e juntos possamos ter uma vis\u00e3o mantendo o que est\u00e1 dando certo e mudando rapidamente o que precisa melhorar.<\/p>\n<h4><\/h4>\n<hr \/>\n<h4><\/h4>\n<h4><\/h4>\n<p>          <\/div>\r\n          <!-- end col-7 --> \r\n        <\/div>\r\n        <!-- end row --> \r\n      <\/div>\r\n      <!-- end container --> \r\n    <\/section>\r\n\r\n[\/vc_column][\/vc_row][vc_row][vc_column] \r\n    <section class=\"intro-image\">\r\n    <div class=\"container\">\r\n      <div class=\"row\">\r\n        <div class=\"col-12\">\r\n          <div class=\"office-slider\">\r\n            <div class=\"swiper-wrapper\">\r\n                            <div class=\"swiper-slide\">\r\n                <figure class=\"reveal-effect masker wow\"> <img src=\"https:\/\/clanmarketing.com.br\/wp-content\/uploads\/2020\/07\/clan-1.jpg\" alt=\"Image\">\r\n                  <figcaption>\r\n                    <h6> <\/h6>\r\n                  <\/figcaption>\r\n                <\/figure>\r\n              <\/div>\r\n              <!-- end swiper-slide -->\r\n                            <div class=\"swiper-slide\">\r\n                <figure class=\"reveal-effect masker wow\"> <img src=\"https:\/\/clanmarketing.com.br\/wp-content\/uploads\/2020\/07\/clan-2.jpg\" alt=\"Image\">\r\n                  <figcaption>\r\n                    <h6> <\/h6>\r\n                  <\/figcaption>\r\n                <\/figure>\r\n              <\/div>\r\n              <!-- end swiper-slide -->\r\n                            <div class=\"swiper-slide\">\r\n                <figure class=\"reveal-effect masker wow\"> <img src=\"https:\/\/clanmarketing.com.br\/wp-content\/uploads\/2020\/07\/clan-3.jpg\" alt=\"Image\">\r\n                  <figcaption>\r\n                    <h6> <\/h6>\r\n                  <\/figcaption>\r\n                <\/figure>\r\n              <\/div>\r\n              <!-- end swiper-slide -->\r\n                            <div class=\"swiper-slide\">\r\n                <figure class=\"reveal-effect masker wow\"> <img src=\"https:\/\/clanmarketing.com.br\/wp-content\/uploads\/2020\/07\/clan-5.jpg\" alt=\"Image\">\r\n                  <figcaption>\r\n                    <h6> <\/h6>\r\n                  <\/figcaption>\r\n                <\/figure>\r\n              <\/div>\r\n              <!-- end swiper-slide -->\r\n                            <div class=\"swiper-slide\">\r\n                <figure class=\"reveal-effect masker wow\"> <img src=\"https:\/\/clanmarketing.com.br\/wp-content\/uploads\/2020\/07\/clan-4.jpg\" alt=\"Image\">\r\n                  <figcaption>\r\n                    <h6> <\/h6>\r\n                  <\/figcaption>\r\n                <\/figure>\r\n              <\/div>\r\n              <!-- end swiper-slide -->\r\n                            <div class=\"swiper-slide\">\r\n                <figure class=\"reveal-effect masker wow\"> <img src=\"https:\/\/clanmarketing.com.br\/wp-content\/uploads\/2020\/07\/clan-6-1.jpg\" alt=\"Image\">\r\n                  <figcaption>\r\n                    <h6> <\/h6>\r\n                  <\/figcaption>\r\n                <\/figure>\r\n              <\/div>\r\n              <!-- end swiper-slide -->\r\n                            <!-- end swiper-slide --> \r\n            <\/div>\r\n            <!-- end swiper-wrapper -->\r\n            <div class=\"swiper-pagination\"><\/div>\r\n            <!-- end swiper-pagination --> \r\n          <\/div>\r\n          <!-- end office-slider --> \r\n        <\/div>\r\n        <!-- end col-12 --> \r\n      <\/div>\r\n      <!-- end row --> \r\n    <\/div>\r\n    <!-- end container --> \r\n  <\/section>\r\n\r\n[\/vc_column][\/vc_row][vc_row][vc_column] \r\n    <section class=\"icon-content-block\">\r\n      <div class=\"container\">\r\n        <div class=\"row justify-content-center\">\r\n          <div class=\"col-12 wow\" data-splitting>\r\n            <h3 class=\"section-title\">COMO TER UMA BASE DIGITAL FORTE?<\/h3>\r\n          <\/div>\r\n          <!-- end col-12 -->\r\n                    <div class=\"col-lg-3 col-md-4 wow\" data-splitting>\r\n            <div class=\"content-block  \">\r\n              <figure> <img src=\"https:\/\/clanmarketing.com.br\/wp-content\/uploads\/2020\/07\/FDFDS.png\" alt=\"Image\"> <\/figure>\r\n              <h6>ESTRAT\u00c9GIA DE TR\u00c1FEGO<\/h6>\r\n              <ul>\r\n                Leve o seu neg\u00f3cio ao topo rapidamente com a ajuda do Facebook Ads e do Google! Assuma o controle das suas campanhas! Somos profissionais certificados que conseguem gerar o maior alcance poss\u00edvel com o menor investimento.              <\/ul>\r\n            <\/div>\r\n            <!-- end content-block --> \r\n          <\/div>\r\n          <!-- end col-3 -->\r\n                    <div class=\"col-lg-3 col-md-4 wow\" data-splitting>\r\n            <div class=\"content-block selected \">\r\n              <figure> <img src=\"https:\/\/clanmarketing.com.br\/wp-content\/uploads\/2020\/07\/SSSSS-1.png\" alt=\"Image\"> <\/figure>\r\n              <h6>RELAT\u00d3RIOS EM TEMPO REAL E REMARKETING<\/h6>\r\n              <ul>\r\n                Conte com otimiza\u00e7\u00f5es inteligentes utilizando todas as informa\u00e7\u00f5es coletadas diariamente pelas ferramentas que utilizamos, alinhando nossas campanhas para diversos p\u00fablicos ao mesmo tempo de acordo com a jornada de compra.              <\/ul>\r\n            <\/div>\r\n            <!-- end content-block --> \r\n          <\/div>\r\n          <!-- end col-3 -->\r\n                    <div class=\"col-lg-3 col-md-4 wow\" data-splitting>\r\n            <div class=\"content-block  \">\r\n              <figure> <img src=\"https:\/\/clanmarketing.com.br\/wp-content\/uploads\/2020\/07\/FSFSFS.png\" alt=\"Image\"> <\/figure>\r\n              <h6>PRODU\u00c7\u00c3O DE CONTEUDO<\/h6>\r\n              <ul>\r\n                Otimizar a visibilidade da marca nas m\u00eddias digitais \u00e9 essencial. Se a sua empresa n\u00e3o estiver bem posicionada nos ambientes online provavelmente outras estar\u00e3o, e o compartilhamento de conte\u00fado relevante \u00e9 o modo mais eficiente de alcan\u00e7ar tal posi\u00e7\u00e3o.              <\/ul>\r\n            <\/div>\r\n            <!-- end content-block --> \r\n          <\/div>\r\n          <!-- end col-3 -->\r\n                  <\/div>\r\n        <!-- end row --> \r\n      <\/div>\r\n      <!-- end container --> \r\n    <\/section>\r\n\r\n[\/vc_column][\/vc_row][vc_row][vc_column css=&#8221;.vc_custom_1595251382967{padding-top: 6% !important;}&#8221;][vc_video link=&#8221;https:\/\/www.youtube.com\/embed\/AHGNzzviZnc&#8221; el_width=&#8221;70&#8243; align=&#8221;center&#8221;][\/vc_column][\/vc_row][vc_row][vc_column] \r\n    <section class=\"clients\">\r\n    <div class=\"container\">\r\n      <div class=\"row\"> <div class=\"col-lg-5 wow\" data-splitting>\r\n          <h3 class=\"section-title\">EMPRESAS QUE CONFIARAM NA ASSESSORIA DO CLAN DIGITAL<\/h3>\r\n        <\/div>\r\n        <!-- end col-5 -->\r\n                <div class=\"col-lg-7\">\r\n          <ul>\r\n                        <li class=\"reveal-effect masker wow\"> <img src=\"https:\/\/clanmarketing.com.br\/wp-content\/uploads\/2020\/07\/sudoeste-1.png\" alt=\"Image\"> <\/li>\r\n                        <li class=\"reveal-effect masker wow\"> <img src=\"https:\/\/clanmarketing.com.br\/wp-content\/uploads\/2020\/07\/panelinhas-2.png\" alt=\"Image\"> <\/li>\r\n                        <li class=\"reveal-effect masker wow\"> <img src=\"https:\/\/clanmarketing.com.br\/wp-content\/uploads\/2020\/07\/haiala-1.png\" alt=\"Image\"> <\/li>\r\n                        <li class=\"reveal-effect masker wow\"> <img src=\"https:\/\/clanmarketing.com.br\/wp-content\/uploads\/2020\/07\/ramos-1.png\" alt=\"Image\"> <\/li>\r\n                        <li class=\"reveal-effect masker wow\"> <img src=\"https:\/\/clanmarketing.com.br\/wp-content\/uploads\/2020\/07\/barc-1.png\" alt=\"Image\"> <\/li>\r\n                        <li class=\"reveal-effect masker wow\"> <img src=\"https:\/\/clanmarketing.com.br\/wp-content\/uploads\/2020\/07\/prema-1.png\" alt=\"Image\"> <\/li>\r\n                        <li class=\"reveal-effect masker wow\"> <img src=\"https:\/\/clanmarketing.com.br\/wp-content\/uploads\/2020\/07\/casarao-1.png\" alt=\"Image\"> <\/li>\r\n                        <li class=\"reveal-effect masker wow\"> <img src=\"https:\/\/clanmarketing.com.br\/wp-content\/uploads\/2020\/07\/gp-1.png\" alt=\"Image\"> <\/li>\r\n                        <li class=\"reveal-effect masker wow\"> <img src=\"https:\/\/clanmarketing.com.br\/wp-content\/uploads\/2020\/07\/sul-1.png\" alt=\"Image\"> <\/li>\r\n                        <li class=\"reveal-effect masker wow\"> <img src=\"https:\/\/clanmarketing.com.br\/wp-content\/uploads\/2020\/07\/honorato-1.png\" alt=\"Image\"> <\/li>\r\n                        <li class=\"reveal-effect masker wow\"> <img src=\"https:\/\/clanmarketing.com.br\/wp-content\/uploads\/2020\/07\/naturanja-1.png\" alt=\"Image\"> <\/li>\r\n                        <li class=\"reveal-effect masker wow\"> <img src=\"https:\/\/clanmarketing.com.br\/wp-content\/uploads\/2020\/07\/valete-1.png\" alt=\"Image\"> <\/li>\r\n                        <li class=\"reveal-effect masker wow\"> <img src=\"https:\/\/clanmarketing.com.br\/wp-content\/uploads\/2020\/07\/basf-1.png\" alt=\"Image\"> <\/li>\r\n                        <li class=\"reveal-effect masker wow\"> <img src=\"https:\/\/clanmarketing.com.br\/wp-content\/uploads\/2020\/07\/formulas-1.png\" alt=\"Image\"> <\/li>\r\n                        <li class=\"reveal-effect masker wow\"> <img src=\"https:\/\/clanmarketing.com.br\/wp-content\/uploads\/2020\/07\/gapes-1.png\" alt=\"Image\"> <\/li>\r\n               \r\n          <\/ul>\r\n        <\/div>\r\n        <!-- end col-7 --> \r\n            <\/div>\r\n      <!-- end row --> \r\n    <\/div>\r\n    <!-- end container --> \r\n  <\/section>\r\n\r\n[\/vc_column][\/vc_row][vc_row css=&#8221;.vc_custom_1599174075322{padding-top: 670px !important;padding-bottom: 50px !important;background-image: url(http:\/\/clanmarketing.com.br\/wp-content\/uploads\/2020\/08\/portfolio-2.jpg?id=763) !important;background-position: center !important;background-repeat: no-repeat !important;background-size: cover !important;}&#8221;][vc_column][vc_btn title=&#8221;Ver Portif\u00f3lio&#8221; style=&#8221;outline&#8221; color=&#8221;white&#8221; align=&#8221;center&#8221; link=&#8221;url:https%3A%2F%2Fwww.behance.net%2Fclanmarketingdigital|title:Ver%20Portf%C3%B3lio|target:%20_blank|&#8221;][\/vc_column][\/vc_row]<\/p>\n","protected":false},"excerpt":{"rendered":"<p>[vc_row el_class=&#8221;slider-row ban_remover&#8221;][vc_column][\/vc_column][\/vc_row][vc_row][vc_column][\/vc_column][\/vc_row][vc_row][vc_column][\/vc_column][\/vc_row][vc_row][vc_column][\/vc_column][\/vc_row][vc_row][vc_column css=&#8221;.vc_custom_1595251382967{padding-top: 6% !important;}&#8221;][vc_video link=&#8221;https:\/\/www.youtube.com\/embed\/AHGNzzviZnc&#8221; el_width=&#8221;70&#8243; align=&#8221;center&#8221;][\/vc_column][\/vc_row][vc_row][vc_column][\/vc_column][\/vc_row][vc_row css=&#8221;.vc_custom_1599174075322{padding-top: 670px !important;padding-bottom: 50px !important;background-image: url(http:\/\/clanmarketing.com.br\/wp-content\/uploads\/2020\/08\/portfolio-2.jpg?id=763) !important;background-position: center !important;background-repeat: no-repeat !important;background-size: cover !important;}&#8221;][vc_column][vc_btn title=&#8221;Ver Portif\u00f3lio&#8221; style=&#8221;outline&#8221; color=&#8221;white&#8221; align=&#8221;center&#8221; link=&#8221;url:https%3A%2F%2Fwww.behance.net%2Fclanmarketingdigital|title:Ver%20Portf%C3%B3lio|target:%20_blank|&#8221;][\/vc_column][\/vc_row]<\/p>\n","protected":false},"author":1,"featured_media":0,"parent":0,"menu_order":0,"comment_status":"closed","ping_status":"closed","template":"page-templates\/template-home.php","meta":{"spay_email":""},"_links":{"self":[{"href":"https:\/\/clanmarketing.com.br\/index.php\/wp-json\/wp\/v2\/pages\/38"}],"collection":[{"href":"https:\/\/clanmarketing.com.br\/index.php\/wp-json\/wp\/v2\/pages"}],"about":[{"href":"https:\/\/clanmarketing.com.br\/index.php\/wp-json\/wp\/v2\/types\/page"}],"author":[{"embeddable":true,"href":"https:\/\/clanmarketing.com.br\/index.php\/wp-json\/wp\/v2\/users\/1"}],"replies":[{"embeddable":true,"href":"https:\/\/clanmarketing.com.br\/index.php\/wp-json\/wp\/v2\/comments?post=38"}],"version-history":[{"count":55,"href":"https:\/\/clanmarketing.com.br\/index.php\/wp-json\/wp\/v2\/pages\/38\/revisions"}],"predecessor-version":[{"id":571,"href":"https:\/\/clanmarketing.com.br\/index.php\/wp-json\/wp\/v2\/pages\/38\/revisions\/571"}],"wp:attachment":[{"href":"https:\/\/clanmarketing.com.br\/index.php\/wp-json\/wp\/v2\/media?parent=38"}],"curies":[{"name":"wp","href":"https:\/\/api.w.org\/{rel}","templated":true}]}}